{"id":692,"date":"2020-10-09T14:29:37","date_gmt":"2020-10-09T12:29:37","guid":{"rendered":"https:\/\/www.manfrediperegoideograms.it\/?page_id=692"},"modified":"2023-09-01T12:26:58","modified_gmt":"2023-09-01T10:26:58","slug":"progetti","status":"publish","type":"page","link":"https:\/\/www.manfrediperegoideograms.it\/en\/progetti\/","title":{"rendered":"Projects"},"content":{"rendered":"<div data-elementor-type=\"wp-page\" data-elementor-id=\"692\" class=\"elementor elementor-692\">\n\t\t\t\t\t\t<section class=\"elementor-section elementor-top-section elementor-element elementor-element-2902e80 elementor-section-boxed elementor-section-height-default elementor-section-height-default\" data-id=\"2902e80\" data-element_type=\"section\" data-e-type=\"section\">\n\t\t\t\t\t\t<div class=\"elementor-container elementor-column-gap-default\">\n\t\t\t\t\t<div class=\"elementor-column elementor-col-50 elementor-top-column elementor-element elementor-element-18b159d\" data-id=\"18b159d\" data-element_type=\"column\" data-e-type=\"column\">\n\t\t\t<div class=\"elementor-widget-wrap elementor-element-populated\">\n\t\t\t\t\t\t<div class=\"elementor-element elementor-element-de6c6dd elementor-widget elementor-widget-heading\" data-id=\"de6c6dd\" data-element_type=\"widget\" data-e-type=\"widget\" data-widget_type=\"heading.default\">\n\t\t\t\t<div class=\"elementor-widget-container\">\n\t\t\t\t\t<h1 class=\"elementor-heading-title elementor-size-default\">PROGETTI<\/h1>\t\t\t\t<\/div>\n\t\t\t\t<\/div>\n\t\t\t\t<div class=\"elementor-element elementor-element-1fcaea5 elementor-widget elementor-widget-text-editor\" data-id=\"1fcaea5\" data-element_type=\"widget\" data-e-type=\"widget\" data-widget_type=\"text-editor.default\">\n\t\t\t\t<div class=\"elementor-widget-container\">\n\t\t\t\t\t\t\t\t\t<p>Continuos training:<\/p><p>Svolgere il costante allenamento giornaliero in natura o in sala per manetere attiva la curiosit\u00e0 delle possibilit\u00e0 motorie e sensibili del corpo.<\/p><p>Coreografico:<\/p><p>Il progetto coreografico segue la linea della esigenza e necessit\u00e0. Lavoro solo su concetti che mi abitano per un certo periodo e diventano positive ossessioni a cui non posso fare altre che dare una realizzazione coreografica. ogni coreografia \u00e8 un mondo a parte.<\/p><p>Didattica:<\/p><p>Con Tecnica della Metamorfosi in collaborazione con Chiara Montalbana, ho trovato il nome al contenitore che contraddistingue ci\u00f2 che desidero trasmettere come abilit\u00e0 principale; la capacit\u00e0 del danzatore di saper cambiare e mutare secondo\u00a0 le richieste.<\/p><p>Grafiche del corpo:<\/p><p>Progetto di creazione di disegni e quadri con tema il corpo in movimento.<\/p><p>\u00a0<\/p>\t\t\t\t\t\t\t\t<\/div>\n\t\t\t\t<\/div>\n\t\t\t\t\t<\/div>\n\t\t<\/div>\n\t\t\t\t<div class=\"elementor-column elementor-col-50 elementor-top-column elementor-element elementor-element-ec755f4\" data-id=\"ec755f4\" data-element_type=\"column\" data-e-type=\"column\">\n\t\t\t<div class=\"elementor-widget-wrap elementor-element-populated\">\n\t\t\t\t\t\t<div class=\"elementor-element elementor-element-ab487c4 elementor-widget__width-initial elementor-absolute elementor-widget elementor-widget-text-editor\" data-id=\"ab487c4\" data-element_type=\"widget\" data-e-type=\"widget\" data-settings=\"{&quot;_position&quot;:&quot;absolute&quot;}\" data-widget_type=\"text-editor.default\">\n\t\t\t\t<div class=\"elementor-widget-container\">\n\t\t\t\t\t\t\t\t\t<div><em>cercare divagare<\/em><\/div><div><em>lunga linea<\/em><\/div><div><em>un passo in l\u00e0<\/em><\/div>\t\t\t\t\t\t\t\t<\/div>\n\t\t\t\t<\/div>\n\t\t\t\t<div class=\"elementor-element elementor-element-16b023c elementor-widget elementor-widget-image\" data-id=\"16b023c\" data-element_type=\"widget\" data-e-type=\"widget\" data-widget_type=\"image.default\">\n\t\t\t\t<div class=\"elementor-widget-container\">\n\t\t\t\t\t\t\t\t\t\t\t\t\t\t\t<img fetchpriority=\"high\" decoding=\"async\" width=\"800\" height=\"687\" src=\"https:\/\/www.manfrediperegoideograms.it\/wp-content\/uploads\/2020\/08\/bio-img.png\" class=\"attachment-large size-large wp-image-448\" alt=\"\" srcset=\"https:\/\/www.manfrediperegoideograms.it\/wp-content\/uploads\/2020\/08\/bio-img.png 1024w, https:\/\/www.manfrediperegoideograms.it\/wp-content\/uploads\/2020\/08\/bio-img-300x258.png 300w, https:\/\/www.manfrediperegoideograms.it\/wp-content\/uploads\/2020\/08\/bio-img-768x659.png 768w\" sizes=\"(max-width: 800px) 100vw, 800px\" \/>\t\t\t\t\t\t\t\t\t\t\t\t\t\t\t<\/div>\n\t\t\t\t<\/div>\n\t\t\t\t\t<\/div>\n\t\t<\/div>\n\t\t\t\t\t<\/div>\n\t\t<\/section>\n\t\t\t\t<\/div>","protected":false},"excerpt":{"rendered":"<p>PROGETTI Continuos training: Svolgere il costante allenamento giornaliero in natura o in sala per manetere attiva la curiosit\u00e0 delle possibilit\u00e0 motorie e sensibili del corpo. Coreografico: Il progetto coreografico segue la linea della esigenza e necessit\u00e0. Lavoro solo su concetti che mi abitano per un certo periodo e diventano positive ossessioni a cui non posso [&hellip;]<\/p>\n","protected":false},"author":1,"featured_media":0,"parent":0,"menu_order":0,"comment_status":"closed","ping_status":"closed","template":"","meta":{"footnotes":""},"class_list":["post-692","page","type-page","status-publish","hentry"],"_links":{"self":[{"href":"https:\/\/www.manfrediperegoideograms.it\/en\/wp-json\/wp\/v2\/pages\/692","targetHints":{"allow":["GET"]}}],"collection":[{"href":"https:\/\/www.manfrediperegoideograms.it\/en\/wp-json\/wp\/v2\/pages"}],"about":[{"href":"https:\/\/www.manfrediperegoideograms.it\/en\/wp-json\/wp\/v2\/types\/page"}],"author":[{"embeddable":true,"href":"https:\/\/www.manfrediperegoideograms.it\/en\/wp-json\/wp\/v2\/users\/1"}],"replies":[{"embeddable":true,"href":"https:\/\/www.manfrediperegoideograms.it\/en\/wp-json\/wp\/v2\/comments?post=692"}],"version-history":[{"count":13,"href":"https:\/\/www.manfrediperegoideograms.it\/en\/wp-json\/wp\/v2\/pages\/692\/revisions"}],"predecessor-version":[{"id":960,"href":"https:\/\/www.manfrediperegoideograms.it\/en\/wp-json\/wp\/v2\/pages\/692\/revisions\/960"}],"wp:attachment":[{"href":"https:\/\/www.manfrediperegoideograms.it\/en\/wp-json\/wp\/v2\/media?parent=692"}],"curies":[{"name":"wp","href":"https:\/\/api.w.org\/{rel}","templated":true}]}}